{"id":9,"date":"2021-06-18T14:45:17","date_gmt":"2021-06-18T12:45:17","guid":{"rendered":"https:\/\/cheminspatrimoine-aron.fr\/?page_id=9"},"modified":"2021-06-25T10:09:46","modified_gmt":"2021-06-25T08:09:46","slug":"bienvenue-sur-notre-site","status":"publish","type":"page","link":"https:\/\/cheminspatrimoine-aron.fr\/","title":{"rendered":"Accueil"},"content":{"rendered":"\n<p>L\u2019association\u00a0<strong><em>Chemins, Nature et Patrimoine Aronnais<\/em><\/strong>\u00a0veut pr\u00e9server les chemins et les espaces naturels communs, les faire partager \u00e0 tous, en mettant en valeur tout ce qui fait du lien entre les habitants et qui touche au patrimoine \u00e0 transmettre aux g\u00e9n\u00e9rations \u00e0 venir.<\/p>\n","protected":false},"excerpt":{"rendered":"<p>L\u2019association\u00a0Chemins, Nature et Patrimoine Aronnais\u00a0veut pr\u00e9server les chemins et les espaces naturels communs, les faire partager \u00e0 tous, en mettant en valeur tout ce qui fait du lien entre les&hellip; <a class=\"more-link\" href=\"https:\/\/cheminspatrimoine-aron.fr\/\">Poursuivre la lecture <span class=\"screen-reader-text\">Accueil<\/span><\/a><\/p>\n","protected":false},"author":1,"featured_media":61,"parent":0,"menu_order":0,"comment_status":"closed","ping_status":"closed","template":"","meta":{"footnotes":""},"class_list":["post-9","page","type-page","status-publish","has-post-thumbnail","hentry","entry"],"yoast_head":"<!-- This site is optimized with the Yoast SEO plugin v16.5 - https:\/\/yoast.com\/wordpress\/plugins\/seo\/ -->\n<title>Accueil - Chemins, Nature et Patrimoine - Aron<\/title>\n<meta name=\"robots\" content=\"index, follow, max-snippet:-1, max-image-preview:large, max-video-preview:-1\" \/>\n<link rel=\"canonical\" href=\"https:\/\/cheminspatrimoine-aron.fr\/\" \/>\n<meta property=\"og:locale\" content=\"fr_FR\" \/>\n<meta property=\"og:type\" content=\"article\" \/>\n<meta property=\"og:title\" content=\"Accueil - Chemins, Nature et Patrimoine - Aron\" \/>\n<meta property=\"og:description\" content=\"L\u2019association\u00a0Chemins, Nature et Patrimoine Aronnais\u00a0veut pr\u00e9server les chemins et les espaces naturels communs, les faire partager \u00e0 tous, en mettant en valeur tout ce qui fait du lien entre les&hellip; Poursuivre la lecture Accueil\" \/>\n<meta property=\"og:url\" content=\"https:\/\/cheminspatrimoine-aron.fr\/\" \/>\n<meta property=\"og:site_name\" content=\"Chemins, Nature et Patrimoine - Aron\" \/>\n<meta property=\"article:modified_time\" content=\"2021-06-25T08:09:46+00:00\" \/>\n<meta property=\"og:image\" content=\"https:\/\/cheminspatrimoine-aron.fr\/wp-content\/uploads\/2021\/06\/away-4894285__340.jpg\" \/>\n\t<meta property=\"og:image:width\" content=\"510\" \/>\n\t<meta property=\"og:image:height\" content=\"340\" \/>\n<meta name=\"twitter:card\" content=\"summary_large_image\" \/>\n<meta name=\"twitter:label1\" content=\"Dur\u00e9e de lecture est.\" \/>\n\t<meta name=\"twitter:data1\" content=\"1 minute\" \/>\n<script type=\"application\/ld+json\" class=\"yoast-schema-graph\">{\"@context\":\"https:\/\/schema.org\",\"@graph\":[{\"@type\":\"WebSite\",\"@id\":\"https:\/\/cheminspatrimoine-aron.fr\/#website\",\"url\":\"https:\/\/cheminspatrimoine-aron.fr\/\",\"name\":\"Chemins, Nature et Patrimoine - Aron\",\"description\":\"Pr\\u00e9servons nos chemins et valorisons notre patrimoine\",\"potentialAction\":[{\"@type\":\"SearchAction\",\"target\":\"https:\/\/cheminspatrimoine-aron.fr\/?s={search_term_string}\",\"query-input\":\"required name=search_term_string\"}],\"inLanguage\":\"fr-FR\"},{\"@type\":\"ImageObject\",\"@id\":\"https:\/\/cheminspatrimoine-aron.fr\/#primaryimage\",\"inLanguage\":\"fr-FR\",\"url\":\"https:\/\/cheminspatrimoine-aron.fr\/wp-content\/uploads\/2021\/06\/away-4894285__340.jpg\",\"contentUrl\":\"https:\/\/cheminspatrimoine-aron.fr\/wp-content\/uploads\/2021\/06\/away-4894285__340.jpg\",\"width\":510,\"height\":340},{\"@type\":\"WebPage\",\"@id\":\"https:\/\/cheminspatrimoine-aron.fr\/#webpage\",\"url\":\"https:\/\/cheminspatrimoine-aron.fr\/\",\"name\":\"Accueil - Chemins, Nature et Patrimoine - Aron\",\"isPartOf\":{\"@id\":\"https:\/\/cheminspatrimoine-aron.fr\/#website\"},\"primaryImageOfPage\":{\"@id\":\"https:\/\/cheminspatrimoine-aron.fr\/#primaryimage\"},\"datePublished\":\"2021-06-18T12:45:17+00:00\",\"dateModified\":\"2021-06-25T08:09:46+00:00\",\"breadcrumb\":{\"@id\":\"https:\/\/cheminspatrimoine-aron.fr\/#breadcrumb\"},\"inLanguage\":\"fr-FR\",\"potentialAction\":[{\"@type\":\"ReadAction\",\"target\":[\"https:\/\/cheminspatrimoine-aron.fr\/\"]}]},{\"@type\":\"BreadcrumbList\",\"@id\":\"https:\/\/cheminspatrimoine-aron.fr\/#breadcrumb\",\"itemListElement\":[{\"@type\":\"ListItem\",\"position\":1,\"name\":\"Accueil\",\"item\":\"https:\/\/cheminspatrimoine-aron.fr\/\"},{\"@type\":\"ListItem\",\"position\":2,\"name\":\"Accueil\"}]}]}<\/script>\n<!-- \/ Yoast SEO plugin. -->","_links":{"self":[{"href":"https:\/\/cheminspatrimoine-aron.fr\/index.php?rest_route=\/wp\/v2\/pages\/9","targetHints":{"allow":["GET"]}}],"collection":[{"href":"https:\/\/cheminspatrimoine-aron.fr\/index.php?rest_route=\/wp\/v2\/pages"}],"about":[{"href":"https:\/\/cheminspatrimoine-aron.fr\/index.php?rest_route=\/wp\/v2\/types\/page"}],"author":[{"embeddable":true,"href":"https:\/\/cheminspatrimoine-aron.fr\/index.php?rest_route=\/wp\/v2\/users\/1"}],"replies":[{"embeddable":true,"href":"https:\/\/cheminspatrimoine-aron.fr\/index.php?rest_route=%2Fwp%2Fv2%2Fcomments&post=9"}],"version-history":[{"count":8,"href":"https:\/\/cheminspatrimoine-aron.fr\/index.php?rest_route=\/wp\/v2\/pages\/9\/revisions"}],"predecessor-version":[{"id":134,"href":"https:\/\/cheminspatrimoine-aron.fr\/index.php?rest_route=\/wp\/v2\/pages\/9\/revisions\/134"}],"wp:featuredmedia":[{"embeddable":true,"href":"https:\/\/cheminspatrimoine-aron.fr\/index.php?rest_route=\/wp\/v2\/media\/61"}],"wp:attachment":[{"href":"https:\/\/cheminspatrimoine-aron.fr\/index.php?rest_route=%2Fwp%2Fv2%2Fmedia&parent=9"}],"curies":[{"name":"wp","href":"https:\/\/api.w.org\/{rel}","templated":true}]}}